{"id":523,"date":"2021-06-12T06:09:21","date_gmt":"2021-06-12T06:09:21","guid":{"rendered":"http:\/\/www.seap.com.sg\/san-pham\/electronic-products\/dac-va-du-lieu-toc-do-cao\/"},"modified":"2021-06-12T07:13:28","modified_gmt":"2021-06-12T07:13:28","slug":"dac-va-du-lieu-toc-do-cao","status":"publish","type":"page","link":"https:\/\/www.seap.com.sg\/vi\/san-pham\/electronic-products\/dac-va-du-lieu-toc-do-cao\/","title":{"rendered":"DAC V\u00e0 D\u1eef Li\u1ec7u T\u1ed1c \u0110\u1ed9 Cao"},"content":{"rendered":"<p>[vc_row][vc_column width=&#8221;2\/3&#8243;][vc_column_text]<\/p>\n<h3>DAC cable<\/h3>\n<p>\u0110\u1ec3 \u0111\u00e1p \u1ee9ng nhu c\u1ea7u ng\u00e0y c\u00e0ng t\u0103ng v\u1ec1 t\u1ed1c \u0111\u1ed9 v\u00e0 m\u1eadt \u0111\u1ed9 k\u1ebft n\u1ed1i gi\u1eefa c\u00e1c thi\u1ebft b\u1ecb c\u1ee7a \u00a0Trung t\u00e2m d\u1eef li\u1ec7u, c\u00e1p DAC c\u1ee7a ch\u00fang t\u00f4i \u0111\u00e3 ph\u00e1t tri\u1ec3n kh\u1ea3 n\u0103ng truy\u1ec1n t\u1ed1c \u0111\u1ed9 cao c\u00f9ng v\u1edbi \u0111\u01b0\u1eddng k\u00ednh nh\u1ecf v\u00e0 t\u00ednh linh ho\u1ea1t. S\u1ea3n ph\u1ea9m n\u00e0y r\u1ea5t h\u1eefu \u00edch \u0111\u1ec3 c\u1ea3i thi\u1ec7n m\u1eadt \u0111\u1ed9 l\u1eafp \u0111\u1eb7t v\u00e0 th\u1ec3 hi\u1ec7n t\u00ednh hi\u1ec7u qu\u1ea3 trong b\u1ed1 tr\u00ed h\u1ec7 th\u1ed1ng d\u00e2y \u0111i\u1ec7n, gi\u1ea3m tr\u1ecdng l\u01b0\u1ee3ng h\u1ec7 th\u1ed1ng.[\/vc_column_text][\/vc_column][vc_column width=&#8221;1\/3&#8243;][vc_single_image image=&#8221;526&#8243; img_size=&#8221;medium&#8221; alignment=&#8221;right&#8221;][\/vc_column][\/vc_row][vc_row][vc_column width=&#8221;2\/3&#8243;][vc_column_text]<\/p>\n<h3>MFCX<sup>\u00ae<\/sup><\/h3>\n<p>MFCX\u00ae s\u1eed d\u1ee5ng c\u00e1p \u0111\u1ed3ng tr\u1ee5c c\u00f3 \u0111\u01b0\u1eddng k\u00ednh ngo\u00e0i c\u1ef1c nh\u1ecf t\u1eeb 0,35mm \u0111\u1ebfn 0,20mm v\u00e0 ch\u1ee7 y\u1ebfu ph\u00f9 h\u1ee3p v\u1edbi c\u1ea5u tr\u00fac b\u1ea3n l\u1ec1 ph\u1ee9c t\u1ea1p gi\u1eefa bo m\u1ea1ch ch\u1ee7 v\u00e0 LDC c\u1ee7a m\u00e1y t\u00ednh x\u00e1ch tay, \u0111i\u1ec7n tho\u1ea1i di \u0111\u1ed9ng, thi\u1ebft b\u1ecb y t\u1ebf. M\u1eb7c d\u00f9 m\u1ed7i s\u1ee3i c\u00e1p c\u00f3 \u0111\u01b0\u1eddng k\u00ednh c\u1ef1c nh\u1ecf nh\u01b0 v\u1eady, MFCX\u00ae v\u1eabn \u0111\u01b0\u1ee3c trang b\u1ecb c\u1ea5u tr\u00fac \u0111\u01b0\u1ee3c b\u1ea3o v\u1ec7 k\u00e9p gi\u00fap ch\u1ed1ng nhi\u1ec5u t\u1ed1t.[\/vc_column_text][vc_btn title=&#8221;Find Out More&#8221; style=&#8221;classic&#8221; align=&#8221;left&#8221; link=&#8221;url:http%3A%2F%2Fglobal-sei.com%2Fewp%2FE%2Fproducts%2Fcategory%2Fmobile.html|target:%20_blank|&#8221; el_class=&#8221;find-out-more&#8221;][\/vc_column][vc_column width=&#8221;1\/3&#8243;][vc_single_image image=&#8221;530&#8243; img_size=&#8221;medium&#8221; alignment=&#8221;right&#8221;][\/vc_column][\/vc_row][vc_row][vc_column width=&#8221;2\/3&#8243;][vc_column_text]<\/p>\n<h3>C\u1ee5m D\u00e2y Truy\u1ec1n D\u1eef Li\u1ec7u T\u1ed1c \u0110\u1ed9 Cao<\/h3>\n<p>Ch\u00fang t\u00f4i \u0111\u01b0\u1ee3c bi\u1ebft \u0111\u1ebfn l\u00e0 m\u1ed9t trong nh\u1eefng nh\u00e0 s\u1ea3n xu\u1ea5t l\u1edbn v\u1ec1 d\u00e2y d\u1eabn truy\u1ec1n d\u1eef li\u1ec7u t\u1ed1c \u0111\u1ed9 cao cho thi\u1ebft b\u1ecb \u0111i\u1ec7n t\u1eed. Ch\u00fang t\u00f4i s\u1ea3n xu\u1ea5t nh\u1eefng s\u1ea3n ph\u1ea9m d\u00e2y c\u00f3 \u0111\u1ed9 linh ho\u1ea1t cao v\u1edbi c\u00e1c ti\u00eau chu\u1ea9n m\u1edbi nh\u1ea5t nh\u01b0 USB3.1 Gen2 ho\u1eb7c ThunderboltTM3. C\u00e1c s\u1ea3n ph\u1ea9m d\u00e2y c\u1ee7a ch\u00fang t\u00f4i \u0111\u00e3 nh\u1eadn \u0111\u01b0\u1ee3c ch\u1ee9ng nh\u1eadn USB3.1 Gen2 t\u1eeb USB Implementers Forums\u00a0 v\u00e0 ch\u1ee9ng nh\u1eadn ThunderboltTM3 t\u1eeb T\u1eadp \u0111o\u00e0n Intel. D\u1ef1a tr\u00ean c\u00f4ng ngh\u1ec7 ThunderboltTM3 c\u1ee7a Intel, s\u1ea3n ph\u1ea9m d\u00e2y ThunderboltTM 3 m\u1edbi v\u1edbi \u0111\u1ea7u n\u1ed1i chu\u1ea9n USB Type-CTM cho ph\u00e9p truy\u1ec1n d\u1eef li\u1ec7u l\u00ean t\u1edbi 40Gbps v\u00e0 c\u00f3 th\u1ec3 t\u01b0\u01a1ng th\u00edch ng\u01b0\u1ee3c . Ngo\u00e0i ra, c\u00e1p h\u1ed7 tr\u1ee3 truy\u1ec1n t\u1ea3i \u0111i\u1ec7n l\u00ean \u0111\u1ebfn 100W v\u00e0 t\u01b0\u01a1ng th\u00edch nhi\u1ec1u giao th\u1ee9c d\u1eef li\u1ec7u nh\u01b0 USB2.0 (4,8Mbps), USB3.1 Gen1 (5Gbps), Gen2 (10Gbps), Displayport1.2 v\u00e0 PCI Express.[\/vc_column_text][vc_btn title=&#8221;Find Out More&#8221; style=&#8221;classic&#8221; align=&#8221;left&#8221; link=&#8221;url:http%3A%2F%2Fglobal-sei.com%2Fewp%2FE%2Fthunderbolt%2F|target:%20_blank|&#8221; el_class=&#8221;find-out-more&#8221;][\/vc_column][vc_column width=&#8221;1\/3&#8243;][vc_single_image image=&#8221;528&#8243; img_size=&#8221;medium&#8221; alignment=&#8221;right&#8221;][\/vc_column][\/vc_row]<\/p>\n","protected":false},"excerpt":{"rendered":"<p>\u0110\u1ec3 \u0111\u00e1p \u1ee9ng nhu c\u1ea7u ng\u00e0y c\u00e0ng t\u0103ng v\u1ec1 t\u1ed1c \u0111\u1ed9 v\u00e0 m\u1eadt \u0111\u1ed9 k\u1ebft n\u1ed1i gi\u1eefa c\u00e1c thi\u1ebft b\u1ecb c\u1ee7a  Trung t\u00e2m d\u1eef li\u1ec7u, c\u00e1p DAC c\u1ee7a ch\u00fang t\u00f4i \u0111\u00e3 ph\u00e1t tri\u1ec3n kh\u1ea3 n\u0103ng truy\u1ec1n t\u1ed1c \u0111\u1ed9 cao c\u00f9ng v\u1edbi \u0111\u01b0\u1eddng k\u00ednh nh\u1ecf v\u00e0 t\u00ednh linh ho\u1ea1t. S\u1ea3n ph\u1ea9m n\u00e0y r\u1ea5t h\u1eefu \u00edch \u0111\u1ec3 c\u1ea3i thi\u1ec7n m\u1eadt \u0111\u1ed9 l\u1eafp \u0111\u1eb7t v\u00e0 th\u1ec3 hi\u1ec7n t\u00ednh hi\u1ec7u qu\u1ea3 trong b\u1ed1 tr\u00ed h\u1ec7 th\u1ed1ng d\u00e2y \u0111i\u1ec7n, gi\u1ea3m tr\u1ecdng l\u01b0\u1ee3ng h\u1ec7 th\u1ed1ng.<\/p>\n","protected":false},"author":1,"featured_media":526,"parent":430,"menu_order":0,"comment_status":"closed","ping_status":"closed","template":"","meta":[],"_links":{"self":[{"href":"https:\/\/www.seap.com.sg\/vi\/wp-json\/wp\/v2\/pages\/523"}],"collection":[{"href":"https:\/\/www.seap.com.sg\/vi\/wp-json\/wp\/v2\/pages"}],"about":[{"href":"https:\/\/www.seap.com.sg\/vi\/wp-json\/wp\/v2\/types\/page"}],"author":[{"embeddable":true,"href":"https:\/\/www.seap.com.sg\/vi\/wp-json\/wp\/v2\/users\/1"}],"replies":[{"embeddable":true,"href":"https:\/\/www.seap.com.sg\/vi\/wp-json\/wp\/v2\/comments?post=523"}],"version-history":[{"count":4,"href":"https:\/\/www.seap.com.sg\/vi\/wp-json\/wp\/v2\/pages\/523\/revisions"}],"predecessor-version":[{"id":548,"href":"https:\/\/www.seap.com.sg\/vi\/wp-json\/wp\/v2\/pages\/523\/revisions\/548"}],"up":[{"embeddable":true,"href":"https:\/\/www.seap.com.sg\/vi\/wp-json\/wp\/v2\/pages\/430"}],"wp:featuredmedia":[{"embeddable":true,"href":"https:\/\/www.seap.com.sg\/vi\/wp-json\/wp\/v2\/media\/526"}],"wp:attachment":[{"href":"https:\/\/www.seap.com.sg\/vi\/wp-json\/wp\/v2\/media?parent=523"}],"curies":[{"name":"wp","href":"https:\/\/api.w.org\/{rel}","templated":true}]}}