{"id":483,"date":"2021-06-12T05:56:55","date_gmt":"2021-06-12T05:56:55","guid":{"rendered":"http:\/\/www.seap.com.sg\/san-pham\/electronic-products\/day-automotive\/"},"modified":"2021-06-12T07:03:49","modified_gmt":"2021-06-12T07:03:49","slug":"day-automotive","status":"publish","type":"page","link":"https:\/\/www.seap.com.sg\/vi\/san-pham\/electronic-products\/day-automotive\/","title":{"rendered":"D\u00e2y Automotive"},"content":{"rendered":"<p>[vc_row][vc_column width=&#8221;2\/3&#8243;][vc_column_text]<\/p>\n<h3>ARX-9<\/h3>\n<p>V\u1eadt li\u1ec7u c\u00e1ch nhi\u1ec7t ARX-9 l\u00e0 h\u1ee3p ch\u1ea5t fluoroelastomer \u0111\u01b0\u1ee3c x\u1eed l\u00fd v\u1edfi c\u00f4ng ngh\u1ec7 chi\u1ebfu x\u1ea1 t\u1ea1o li\u00ean k\u1ebft ch\u00e9o c\u00f3 kh\u1ea3 n\u0103ng ch\u1ecbu nhi\u1ec7t \u1edf ph\u1ea1m vi 200 \u00b0 C.<\/p>\n<p>So v\u1edbi d\u00e2y d\u00f9ng ch\u1ea5t c\u00e1ch \u0111i\u1ec7n PTFE v\u00e0 FEP, ARX-9 v\u01b0\u1ee3t tr\u1ed9i h\u01a1n v\u1ec1 \u0111\u1ed9 linh ho\u1ea1t<\/p>\n<p>Lo\u1ea1i d\u00e2y n\u00e0y th\u00edch h\u1ee3p \u0111\u1ec3 \u0111i d\u00e2y \u1edf nh\u1eefng khu v\u1ef1c c\u00f3 nhi\u1ec7t \u0111\u1ed9 cao, ch\u1eb3ng h\u1ea1n nh\u01b0 khoang \u0111\u1ed9ng c\u01a1, \u0111\u00e8n pha v\u00e0 h\u1ed9p s\u1ed1 \u00f4 t\u00f4.[\/vc_column_text][\/vc_column][vc_column width=&#8221;1\/3&#8243;][vc_single_image image=&#8221;488&#8243; img_size=&#8221;medium&#8221; alignment=&#8221;right&#8221;][\/vc_column][\/vc_row][vc_row][vc_column width=&#8221;2\/3&#8243;][vc_column_text]<\/p>\n<h3>C\u00e1p C\u1ea3m Bi\u1ebfn<\/h3>\n<p>C\u00e1p c\u1ea3m bi\u1ebfn ABS d\u00f9ng d\u00e2y b\u1ec7n t\u1eeb h\u1ee3p kim \u0111\u1ed3ng l\u00e0m d\u00e2y d\u1eabn v\u00e0 polyurethane \u0111\u01b0\u1ee3c x\u1eed l\u00fd chi\u1ebfu x\u1ea1 t\u1ea1o li\u00ean k\u1ebft ch\u00e9o l\u00e0m l\u1edbp v\u1ecf ngo\u00e0i. K\u1ebft c\u1ea5u n\u00e0y gi\u00fap d\u00e2y c\u00e1p c\u00f3 kh\u1ea3 n\u0103ng ch\u1ed1ng rung v\u00e0 ch\u1ecbu n\u01b0\u1edbc n\u00f3ng. N\u00f3 c\u0169ng c\u00f3 kh\u1ea3 n\u0103ng ch\u1ed1ng ch\u1ecbu \u0111\u00e1 s\u1ecfi tr\u00ean l\u1ed1p xe.[\/vc_column_text][\/vc_column][vc_column width=&#8221;1\/3&#8243;][vc_single_image image=&#8221;486&#8243; img_size=&#8221;medium&#8221; alignment=&#8221;right&#8221;][\/vc_column][\/vc_row][vc_row][vc_column width=&#8221;2\/3&#8243;][vc_btn title=&#8221;Find Out More&#8221; style=&#8221;classic&#8221; align=&#8221;center&#8221; link=&#8221;url:http%3A%2F%2Fglobal-sei.com%2Fewp%2FE%2Fproducts%2Fcategory%2Fcar_device.html|target:%20_blank|&#8221; el_class=&#8221;find-out-more&#8221;][\/vc_column][vc_column width=&#8221;1\/3&#8243;][\/vc_column][\/vc_row]<\/p>\n","protected":false},"excerpt":{"rendered":"<p>V\u1eadt li\u1ec7u c\u00e1ch nhi\u1ec7t ARX-9 l\u00e0 h\u1ee3p ch\u1ea5t fluoroelastomer \u0111\u01b0\u1ee3c x\u1eed l\u00fd v\u1edfi c\u00f4ng ngh\u1ec7 chi\u1ebfu x\u1ea1 t\u1ea1o li\u00ean k\u1ebft ch\u00e9o c\u00f3 kh\u1ea3 n\u0103ng ch\u1ecbu nhi\u1ec7t \u1edf ph\u1ea1m vi 200 \u00b0 C.<\/br><\/br><br \/>\nSo v\u1edbi d\u00e2y d\u00f9ng ch\u1ea5t c\u00e1ch \u0111i\u1ec7n PTFE v\u00e0 FEP, ARX-9 co\u0301 s\u01b0\u0323 v\u01b0\u1ee3t tr\u1ed9i h\u01a1n v\u1ec1 \u0111\u1ed9 linh ho\u1ea1t.<\/br><\/br><br \/>\nLo\u1ea1i d\u00e2y n\u00e0y th\u00edch h\u1ee3p \u0111\u1ec3 \u0111i d\u00e2y \u1edf nh\u1eefng khu v\u1ef1c c\u00f3 nhi\u1ec7t \u0111\u1ed9 cao, nh\u01b0 khoang \u0111\u1ed9ng c\u01a1, \u0111\u00e8n pha v\u00e0 h\u1ed9p s\u1ed1 \u00f4 t\u00f4.<\/p>\n","protected":false},"author":1,"featured_media":486,"parent":430,"menu_order":0,"comment_status":"closed","ping_status":"closed","template":"","meta":[],"_links":{"self":[{"href":"https:\/\/www.seap.com.sg\/vi\/wp-json\/wp\/v2\/pages\/483"}],"collection":[{"href":"https:\/\/www.seap.com.sg\/vi\/wp-json\/wp\/v2\/pages"}],"about":[{"href":"https:\/\/www.seap.com.sg\/vi\/wp-json\/wp\/v2\/types\/page"}],"author":[{"embeddable":true,"href":"https:\/\/www.seap.com.sg\/vi\/wp-json\/wp\/v2\/users\/1"}],"replies":[{"embeddable":true,"href":"https:\/\/www.seap.com.sg\/vi\/wp-json\/wp\/v2\/comments?post=483"}],"version-history":[{"count":4,"href":"https:\/\/www.seap.com.sg\/vi\/wp-json\/wp\/v2\/pages\/483\/revisions"}],"predecessor-version":[{"id":541,"href":"https:\/\/www.seap.com.sg\/vi\/wp-json\/wp\/v2\/pages\/483\/revisions\/541"}],"up":[{"embeddable":true,"href":"https:\/\/www.seap.com.sg\/vi\/wp-json\/wp\/v2\/pages\/430"}],"wp:featuredmedia":[{"embeddable":true,"href":"https:\/\/www.seap.com.sg\/vi\/wp-json\/wp\/v2\/media\/486"}],"wp:attachment":[{"href":"https:\/\/www.seap.com.sg\/vi\/wp-json\/wp\/v2\/media?parent=483"}],"curies":[{"name":"wp","href":"https:\/\/api.w.org\/{rel}","templated":true}]}}